{"id":117,"date":"2024-11-24T10:58:06","date_gmt":"2024-11-24T09:58:06","guid":{"rendered":"http:\/\/www.jk-conpro.de\/?page_id=117"},"modified":"2025-11-14T00:18:23","modified_gmt":"2025-11-13T23:18:23","slug":"testimonials","status":"publish","type":"page","link":"http:\/\/www.jk-conpro.de\/de\/testimonials\/","title":{"rendered":"Referenzen"},"content":{"rendered":"<div data-elementor-type=\"wp-page\" data-elementor-id=\"117\" class=\"elementor elementor-117\">\n\t\t\t\t<div class=\"elementor-element elementor-element-5e36413 e-grid e-con-boxed e-con e-parent\" data-id=\"5e36413\" data-element_type=\"container\" data-e-type=\"container\">\n\t\t\t\t\t<div class=\"e-con-inner\">\n\t\t\t\t<div class=\"elementor-element elementor-element-a2571df elementor-widget elementor-widget-text-editor\" data-id=\"a2571df\" data-element_type=\"widget\" data-e-type=\"widget\" data-widget_type=\"text-editor.default\">\n\t\t\t\t<div class=\"elementor-widget-container\">\n\t\t\t\t\t\t\t\t\t<h1><strong>Berufliche Erfahrungen und Referenzen:<\/strong><\/h1>\t\t\t\t\t\t\t\t<\/div>\n\t\t\t\t<\/div>\n\t\t\t\t<div class=\"elementor-element elementor-element-e80c480 elementor-widget elementor-widget-image\" data-id=\"e80c480\" data-element_type=\"widget\" data-e-type=\"widget\" data-widget_type=\"image.default\">\n\t\t\t\t<div class=\"elementor-widget-container\">\n\t\t\t\t\t\t\t\t\t\t\t\t\t\t\t<img decoding=\"async\" width=\"150\" height=\"150\" src=\"http:\/\/www.jk-conpro.de\/wp-content\/uploads\/2024\/12\/Koss_Joachim-2024-1-150x150.jpg\" class=\"attachment-thumbnail size-thumbnail wp-image-498\" alt=\"\" srcset=\"http:\/\/www.jk-conpro.de\/wp-content\/uploads\/2024\/12\/Koss_Joachim-2024-1-150x150.jpg 150w, http:\/\/www.jk-conpro.de\/wp-content\/uploads\/2024\/12\/Koss_Joachim-2024-1-300x300.jpg 300w, http:\/\/www.jk-conpro.de\/wp-content\/uploads\/2024\/12\/Koss_Joachim-2024-1-768x768.jpg 768w, http:\/\/www.jk-conpro.de\/wp-content\/uploads\/2024\/12\/Koss_Joachim-2024-1-12x12.jpg 12w, http:\/\/www.jk-conpro.de\/wp-content\/uploads\/2024\/12\/Koss_Joachim-2024-1-450x450.jpg 450w, http:\/\/www.jk-conpro.de\/wp-content\/uploads\/2024\/12\/Koss_Joachim-2024-1-600x600.jpg 600w, http:\/\/www.jk-conpro.de\/wp-content\/uploads\/2024\/12\/Koss_Joachim-2024-1.jpg 789w\" sizes=\"(max-width: 150px) 100vw, 150px\" \/>\t\t\t\t\t\t\t\t\t\t\t\t\t\t\t<\/div>\n\t\t\t\t<\/div>\n\t\t\t\t\t<\/div>\n\t\t\t\t<\/div>\n\t\t<div class=\"elementor-element elementor-element-60fd4f8 e-grid e-con-boxed e-con e-parent\" data-id=\"60fd4f8\" data-element_type=\"container\" data-e-type=\"container\">\n\t\t\t\t\t<div class=\"e-con-inner\">\n\t\t\t\t<div class=\"elementor-element elementor-element-fac41ce e-transform elementor-widget elementor-widget-image\" data-id=\"fac41ce\" data-element_type=\"widget\" data-e-type=\"widget\" data-settings=\"{&quot;_animation&quot;:&quot;none&quot;,&quot;_transform_translateX_effect&quot;:{&quot;unit&quot;:&quot;px&quot;,&quot;size&quot;:0,&quot;sizes&quot;:[]},&quot;_transform_translateY_effect&quot;:{&quot;unit&quot;:&quot;px&quot;,&quot;size&quot;:30,&quot;sizes&quot;:[]},&quot;_transform_translateX_effect_tablet&quot;:{&quot;unit&quot;:&quot;px&quot;,&quot;size&quot;:&quot;&quot;,&quot;sizes&quot;:[]},&quot;_transform_translateX_effect_mobile&quot;:{&quot;unit&quot;:&quot;px&quot;,&quot;size&quot;:&quot;&quot;,&quot;sizes&quot;:[]},&quot;_transform_translateY_effect_tablet&quot;:{&quot;unit&quot;:&quot;px&quot;,&quot;size&quot;:&quot;&quot;,&quot;sizes&quot;:[]},&quot;_transform_translateY_effect_mobile&quot;:{&quot;unit&quot;:&quot;px&quot;,&quot;size&quot;:&quot;&quot;,&quot;sizes&quot;:[]}}\" data-widget_type=\"image.default\">\n\t\t\t\t<div class=\"elementor-widget-container\">\n\t\t\t\t\t\t\t\t\t\t\t\t<figure class=\"wp-caption\">\n\t\t\t\t\t\t\t\t\t\t<img fetchpriority=\"high\" decoding=\"async\" width=\"640\" height=\"426\" src=\"http:\/\/www.jk-conpro.de\/wp-content\/uploads\/2024\/11\/project-management-2738521_640.jpg\" class=\"attachment-large size-large wp-image-108\" alt=\"\" srcset=\"http:\/\/www.jk-conpro.de\/wp-content\/uploads\/2024\/11\/project-management-2738521_640.jpg 640w, http:\/\/www.jk-conpro.de\/wp-content\/uploads\/2024\/11\/project-management-2738521_640-300x200.jpg 300w\" sizes=\"(max-width: 640px) 100vw, 640px\" \/>\t\t\t\t\t\t\t\t\t\t\t<figcaption class=\"widget-image-caption wp-caption-text\">Projektmanagement<\/figcaption>\n\t\t\t\t\t\t\t\t\t\t<\/figure>\n\t\t\t\t\t\t\t\t\t<\/div>\n\t\t\t\t<\/div>\n\t\t\t\t<div class=\"elementor-element elementor-element-882bd33 elementor-widget elementor-widget-text-editor\" data-id=\"882bd33\" data-element_type=\"widget\" data-e-type=\"widget\" data-widget_type=\"text-editor.default\">\n\t\t\t\t<div class=\"elementor-widget-container\">\n\t\t\t\t\t\t\t\t\t<ul><li><em><strong>Siemens AG, Berlin<\/strong><\/em><br \/>- Leiter Projektmanagment<br \/>- Direktor Projektmanagement<br \/>- Abteilungsleiter Prozessmanagement<\/li><li><em><strong>Cinterion Wireless Modules, Berlin<\/strong><\/em><br \/>- Leiter Zulassungen &amp; Standardisierung<\/li><li><em><strong>Gemalto, Berlin<\/strong><\/em><br \/>- Direktor Standardisierung<\/li><li><em><strong>ifm electronic GmbH, Essen<\/strong><\/em><br \/>- Management internationaler Typzulassungen<\/li><li><em><b>Pilot Blankenfelde medizinisch elektronische Ger\u00e4te GmbH, Blankenfelde<\/b><\/em><br \/>- Berater f\u00fcr Zertifitierungsprozess gem\u00e4\u00df<br \/>\u00a0\u00a0\u00a0 Medizinprodukteverordnung (EU) 2017\/745<br \/>- Management internationaler Typzulassungen<\/li><\/ul>\t\t\t\t\t\t\t\t<\/div>\n\t\t\t\t<\/div>\n\t\t\t\t<div class=\"elementor-element elementor-element-36de0e0 e-transform elementor-widget elementor-widget-image\" data-id=\"36de0e0\" data-element_type=\"widget\" data-e-type=\"widget\" data-settings=\"{&quot;_transform_translateY_effect&quot;:{&quot;unit&quot;:&quot;px&quot;,&quot;size&quot;:44,&quot;sizes&quot;:[]},&quot;_transform_translateX_effect&quot;:{&quot;unit&quot;:&quot;px&quot;,&quot;size&quot;:&quot;&quot;,&quot;sizes&quot;:[]},&quot;_transform_translateX_effect_tablet&quot;:{&quot;unit&quot;:&quot;px&quot;,&quot;size&quot;:&quot;&quot;,&quot;sizes&quot;:[]},&quot;_transform_translateX_effect_mobile&quot;:{&quot;unit&quot;:&quot;px&quot;,&quot;size&quot;:&quot;&quot;,&quot;sizes&quot;:[]},&quot;_transform_translateY_effect_tablet&quot;:{&quot;unit&quot;:&quot;px&quot;,&quot;size&quot;:&quot;&quot;,&quot;sizes&quot;:[]},&quot;_transform_translateY_effect_mobile&quot;:{&quot;unit&quot;:&quot;px&quot;,&quot;size&quot;:&quot;&quot;,&quot;sizes&quot;:[]}}\" data-widget_type=\"image.default\">\n\t\t\t\t<div class=\"elementor-widget-container\">\n\t\t\t\t\t\t\t\t\t\t\t\t<figure class=\"wp-caption\">\n\t\t\t\t\t\t\t\t\t\t<img decoding=\"async\" width=\"1024\" height=\"683\" src=\"http:\/\/www.jk-conpro.de\/wp-content\/uploads\/2024\/12\/M63A3781-1024x683.jpg\" class=\"attachment-large size-large wp-image-503\" alt=\"\" srcset=\"http:\/\/www.jk-conpro.de\/wp-content\/uploads\/2024\/12\/M63A3781-1024x683.jpg 1024w, http:\/\/www.jk-conpro.de\/wp-content\/uploads\/2024\/12\/M63A3781-300x200.jpg 300w, http:\/\/www.jk-conpro.de\/wp-content\/uploads\/2024\/12\/M63A3781-768x512.jpg 768w, http:\/\/www.jk-conpro.de\/wp-content\/uploads\/2024\/12\/M63A3781-1536x1024.jpg 1536w, http:\/\/www.jk-conpro.de\/wp-content\/uploads\/2024\/12\/M63A3781-2048x1365.jpg 2048w, http:\/\/www.jk-conpro.de\/wp-content\/uploads\/2024\/12\/M63A3781-18x12.jpg 18w\" sizes=\"(max-width: 1024px) 100vw, 1024px\" \/>\t\t\t\t\t\t\t\t\t\t\t<figcaption class=\"widget-image-caption wp-caption-text\">Standardisierung<\/figcaption>\n\t\t\t\t\t\t\t\t\t\t<\/figure>\n\t\t\t\t\t\t\t\t\t<\/div>\n\t\t\t\t<\/div>\n\t\t\t\t<div class=\"elementor-element elementor-element-0e5af82 elementor-widget elementor-widget-text-editor\" data-id=\"0e5af82\" data-element_type=\"widget\" data-e-type=\"widget\" data-widget_type=\"text-editor.default\">\n\t\t\t\t<div class=\"elementor-widget-container\">\n\t\t\t\t\t\t\t\t\t<ul><li><em><strong>ETSI<\/strong><\/em><br \/>- Vorstandsmitglied<br \/>- Vizevorsitzender des Technischen Komitees SmartM2M<br \/>- Leiter von Experten Projektgruppen<br \/>- Mitwirkender f\u00fcr technische Berichte, technische Spezifikationen\u00a0 <br \/>\u00a0\u00a0\u00a0 und Europ\u00e4ische Norm<\/li><li><em><strong>oneM2M<\/strong><\/em><br \/>- Vizevorsitzender der technischen Plenarversammlung<br \/>- Beitraglieferant f\u00fcr oneM2M Standards<\/li><li><em><strong>standICT.eu<\/strong><\/em><br \/>&#8211; <a href=\"https:\/\/standict.eu\/funded-fellows\">Gutachter und Europ\u00e4ischer Normungsexperte<\/a><br \/>\u00a0\u00a0\u00a0 im StandICT.eu<br \/>\u00a0\u00a0\u00a0 Fellowship Programm<\/li><li><em><strong>Europ\u00e4ische Komission<\/strong><\/em><br \/>- Registrierter unabh\u00e4ngiger Experte<\/li><li><em><strong>ISO\/IEC<\/strong><\/em><br \/>- Expertenmitglied zur Repr\u00e4sentierung von Small Business Standards (SBS) in SC41 WG4 und WG6<\/li><\/ul>\t\t\t\t\t\t\t\t<\/div>\n\t\t\t\t<\/div>\n\t\t\t\t<div class=\"elementor-element elementor-element-c727316 elementor-widget elementor-widget-image\" data-id=\"c727316\" data-element_type=\"widget\" data-e-type=\"widget\" data-widget_type=\"image.default\">\n\t\t\t\t<div class=\"elementor-widget-container\">\n\t\t\t\t\t\t\t\t\t\t\t\t<figure class=\"wp-caption\">\n\t\t\t\t\t\t\t\t\t\t<img loading=\"lazy\" decoding=\"async\" width=\"640\" height=\"343\" src=\"http:\/\/www.jk-conpro.de\/wp-content\/uploads\/2024\/11\/businessman-3075839_640.jpg\" class=\"attachment-large size-large wp-image-262\" alt=\"\" srcset=\"http:\/\/www.jk-conpro.de\/wp-content\/uploads\/2024\/11\/businessman-3075839_640.jpg 640w, http:\/\/www.jk-conpro.de\/wp-content\/uploads\/2024\/11\/businessman-3075839_640-300x161.jpg 300w, http:\/\/www.jk-conpro.de\/wp-content\/uploads\/2024\/11\/businessman-3075839_640-18x10.jpg 18w\" sizes=\"(max-width: 640px) 100vw, 640px\" \/>\t\t\t\t\t\t\t\t\t\t\t<figcaption class=\"widget-image-caption wp-caption-text\">Qualit\u00e4tsmanagement<\/figcaption>\n\t\t\t\t\t\t\t\t\t\t<\/figure>\n\t\t\t\t\t\t\t\t\t<\/div>\n\t\t\t\t<\/div>\n\t\t\t\t<div class=\"elementor-element elementor-element-17464ab elementor-widget elementor-widget-text-editor\" data-id=\"17464ab\" data-element_type=\"widget\" data-e-type=\"widget\" data-widget_type=\"text-editor.default\">\n\t\t\t\t<div class=\"elementor-widget-container\">\n\t\t\t\t\t\t\t\t\t<ul><li><em><strong>Siemens AG, Berlin<\/strong><\/em><br \/>- Interner QMS Auditor (ISO 9001)<\/li><li><em><b>Pilot Blankenfelde medizinisch elektronische Ger\u00e4te GmbH, Blankenfelde<\/b><\/em><br \/>- Interner QMS Auditor<br \/>- Berater f\u00fcr externe QMS Audits<br \/>\u00a0 \u00a0 (EN ISO 13485)<\/li><\/ul>\t\t\t\t\t\t\t\t<\/div>\n\t\t\t\t<\/div>\n\t\t\t\t<div class=\"elementor-element elementor-element-201890f elementor-widget elementor-widget-image\" data-id=\"201890f\" data-element_type=\"widget\" data-e-type=\"widget\" data-widget_type=\"image.default\">\n\t\t\t\t<div class=\"elementor-widget-container\">\n\t\t\t\t\t\t\t\t\t\t\t\t<figure class=\"wp-caption\">\n\t\t\t\t\t\t\t\t\t\t<img loading=\"lazy\" decoding=\"async\" width=\"1024\" height=\"576\" src=\"http:\/\/www.jk-conpro.de\/wp-content\/uploads\/2025\/01\/1729611031140-1024x576.png\" class=\"attachment-large size-large wp-image-704\" alt=\"\" srcset=\"http:\/\/www.jk-conpro.de\/wp-content\/uploads\/2025\/01\/1729611031140-1024x576.png 1024w, http:\/\/www.jk-conpro.de\/wp-content\/uploads\/2025\/01\/1729611031140-300x169.png 300w, http:\/\/www.jk-conpro.de\/wp-content\/uploads\/2025\/01\/1729611031140-768x432.png 768w, http:\/\/www.jk-conpro.de\/wp-content\/uploads\/2025\/01\/1729611031140-18x10.png 18w, http:\/\/www.jk-conpro.de\/wp-content\/uploads\/2025\/01\/1729611031140.png 1280w\" sizes=\"(max-width: 1024px) 100vw, 1024px\" \/>\t\t\t\t\t\t\t\t\t\t\t<figcaption class=\"widget-image-caption wp-caption-text\">Ver\u00f6ffentlichungen<\/figcaption>\n\t\t\t\t\t\t\t\t\t\t<\/figure>\n\t\t\t\t\t\t\t\t\t<\/div>\n\t\t\t\t<\/div>\n\t\t\t\t<div class=\"elementor-element elementor-element-056b0f2 elementor-widget elementor-widget-text-editor\" data-id=\"056b0f2\" data-element_type=\"widget\" data-e-type=\"widget\" data-widget_type=\"text-editor.default\">\n\t\t\t\t<div class=\"elementor-widget-container\">\n\t\t\t\t\t\t\t\t\t<h1>\u00a0<\/h1><ul><li><a href=\"https:\/\/www.linkedin.com\/posts\/onem2m_iot-interoperability-standardsmatter-activity-7280923364272091136-hyc2?utm_source=share&amp;utm_medium=member_desktop\"><strong><span class=\"break-words tvm-parent-container\"><span dir=\"ltr\"><span style=\"color: #808080;\">The EU Data Act and its Implications for IoT Systems<\/span><\/span><\/span><\/strong><\/a><span class=\"break-words tvm-parent-container\" style=\"color: #808080;\"><span dir=\"ltr\"><br \/><\/span><\/span><\/li><li><span style=\"color: #808080;\"><a style=\"color: #808080;\" href=\"https:\/\/www.onem2m.org\/iot-news\/946-the-eu-data-act-regulation-of-data-access-and-interoperability\"><strong>The European Data Act<\/strong><\/a><\/span><br \/><span style=\"color: #808080;\"><a style=\"color: #808080;\" href=\"https:\/\/www.onem2m.org\/iot-news\/946-the-eu-data-act-regulation-of-data-access-and-interoperability\"><strong>Regulation of data access \/ Interoperability<\/strong><\/a><\/span><\/li><li><span style=\"color: #808080;\"><a style=\"color: #808080;\" href=\"https:\/\/www.onem2m.org\/membership\/executive-viewpoints\/730-interoperability-bridges-borders-between-iot-domains-and-the-variety-of-vendor-specific-iot-solutions\"><strong>Interoperability bridges borders between IoT domains and the variety of vendor specific IoT solutions<\/strong><\/a><\/span><\/li><li><span style=\"color: #808080;\"><strong><a style=\"color: #808080;\" href=\"https:\/\/aioti.eu\/wp-content\/uploads\/2019\/06\/2018-0903-STF-547-at-AIOTI-WG3-plenary-v1.pdf\">ETSI Specialist Task Force 547<\/a><\/strong><\/span><br \/><span style=\"color: #808080;\"><a style=\"color: #808080;\" href=\"https:\/\/aioti.eu\/wp-content\/uploads\/2019\/06\/2018-0903-STF-547-at-AIOTI-WG3-plenary-v1.pdf\"><strong>Security\/Privacy and Interoperability of standardised IoT Platforms<\/strong><\/a><\/span><\/li><li><span style=\"color: #808080;\"><a style=\"color: #808080;\" href=\"https:\/\/docbox.etsi.org\/Workshop\/Indo-European%20dialogue%20on%20ICT%20standards%20and%20emerging%20technologies\/04_Joachim_Koss_Gemalto.pdf\"><strong>Machine to Machine &#8211; Challenges and Opportunities<\/strong><\/a><\/span><\/li><li><a href=\"https:\/\/youtu.be\/9A7yIByPZb0\"><span style=\"color: #808080;\"><strong>Semantic Interoperability by SAREF<\/strong><\/span><\/a><\/li><li><span style=\"color: #808080;\"><a style=\"color: #808080;\" href=\"https:\/\/onem2m.org\/membership\/executive-viewpoints\/975-estimed-iot-edge-computing-standards\"><strong>IoT and edge computing<\/strong><\/a><\/span><\/li><\/ul><p><span class=\"break-words tvm-parent-container\"><span dir=\"ltr\">\u00a0<\/span><\/span><\/p><div>\u00a0<\/div><div>\u00a0<\/div>\t\t\t\t\t\t\t\t<\/div>\n\t\t\t\t<\/div>\n\t\t\t\t\t<\/div>\n\t\t\t\t<\/div>\n\t\t<div class=\"elementor-element elementor-element-f88ff06 e-flex e-con-boxed e-con e-parent\" data-id=\"f88ff06\" data-element_type=\"container\" data-e-type=\"container\">\n\t\t\t\t\t<div class=\"e-con-inner\">\n\t\t\t\t<div class=\"elementor-element elementor-element-3336cb4 elementor-view-default elementor-widget elementor-widget-icon\" data-id=\"3336cb4\" data-element_type=\"widget\" data-e-type=\"widget\" data-widget_type=\"icon.default\">\n\t\t\t\t<div class=\"elementor-widget-container\">\n\t\t\t\t\t\t\t<div class=\"elementor-icon-wrapper\">\n\t\t\t<div class=\"elementor-icon\">\n\t\t\t<svg aria-hidden=\"true\" class=\"e-font-icon-svg e-fas-star\" viewbox=\"0 0 576 512\" xmlns=\"http:\/\/www.w3.org\/2000\/svg\"><path d=\"M259.3 17.8L194 150.2 47.9 171.5c-26.2 3.8-36.7 36.1-17.7 54.6l105.7 103-25 145.5c-4.5 26.3 23.2 46 46.4 33.7L288 439.6l130.7 68.7c23.2 12.2 50.9-7.4 46.4-33.7l-25-145.5 105.7-103c19-18.5 8.5-50.8-17.7-54.6L382 150.2 316.7 17.8c-11.7-23.6-45.6-23.9-57.4 0z\"><\/path><\/svg>\t\t\t<\/div>\n\t\t<\/div>\n\t\t\t\t\t\t<\/div>\n\t\t\t\t<\/div>\n\t\t\t\t\t<\/div>\n\t\t\t\t<\/div>\n\t\t\t\t<\/div>","protected":false},"excerpt":{"rendered":"<p>Professional experiences and references: Project Management Siemens AG, Berlin&#8211; Head of Project Management&#8211; Director Project Management,&#8211; Head of Department Process Management Cinterion Wireless Modules, Berlin&#8211; Head of Approvals &amp; Standardisation Gemalto, Berlin&#8211; Director Standardization ifm electronic GmbH, Essen&#8211; Managing international type approvals Pilot Blankenfelde medizinisch elektronische Ger\u00e4te GmbH, Blankenfelde&#8211; Consultant for approval process according to\u00a0\u00a0\u00a0 [&hellip;]<\/p>","protected":false},"author":1,"featured_media":0,"parent":0,"menu_order":0,"comment_status":"closed","ping_status":"closed","template":"","meta":{"footnotes":""},"class_list":["post-117","page","type-page","status-publish","hentry"],"_links":{"self":[{"href":"http:\/\/www.jk-conpro.de\/de\/wp-json\/wp\/v2\/pages\/117","targetHints":{"allow":["GET"]}}],"collection":[{"href":"http:\/\/www.jk-conpro.de\/de\/wp-json\/wp\/v2\/pages"}],"about":[{"href":"http:\/\/www.jk-conpro.de\/de\/wp-json\/wp\/v2\/types\/page"}],"author":[{"embeddable":true,"href":"http:\/\/www.jk-conpro.de\/de\/wp-json\/wp\/v2\/users\/1"}],"replies":[{"embeddable":true,"href":"http:\/\/www.jk-conpro.de\/de\/wp-json\/wp\/v2\/comments?post=117"}],"version-history":[{"count":175,"href":"http:\/\/www.jk-conpro.de\/de\/wp-json\/wp\/v2\/pages\/117\/revisions"}],"predecessor-version":[{"id":794,"href":"http:\/\/www.jk-conpro.de\/de\/wp-json\/wp\/v2\/pages\/117\/revisions\/794"}],"wp:attachment":[{"href":"http:\/\/www.jk-conpro.de\/de\/wp-json\/wp\/v2\/media?parent=117"}],"curies":[{"name":"wp","href":"https:\/\/api.w.org\/{rel}","templated":true}]}}