{"id":3,"date":"2024-11-14T02:05:24","date_gmt":"2024-11-14T01:05:24","guid":{"rendered":"http:\/\/www.jk-conpro.de\/?page_id=3"},"modified":"2024-12-02T22:51:35","modified_gmt":"2024-12-02T21:51:35","slug":"datenschutzerklaerung","status":"publish","type":"page","link":"http:\/\/www.jk-conpro.de\/de\/datenschutzerklaerung\/","title":{"rendered":"Datenschutzerkl\u00e4rung"},"content":{"rendered":"<div data-elementor-type=\"wp-page\" data-elementor-id=\"3\" class=\"elementor elementor-3\">\n\t\t\t\t<div class=\"elementor-element elementor-element-17a87d1b e-flex e-con-boxed e-con e-parent\" data-id=\"17a87d1b\" data-element_type=\"container\" data-e-type=\"container\">\n\t\t\t\t\t<div class=\"e-con-inner\">\n\t\t\t\t<div class=\"elementor-element elementor-element-6dd08199 elementor-widget elementor-widget-text-editor\" data-id=\"6dd08199\" data-element_type=\"widget\" data-e-type=\"widget\" data-widget_type=\"text-editor.default\">\n\t\t\t\t<div class=\"elementor-widget-container\">\n\t\t\t\t\t\t\t\t\t\n<p>Stand: Oktober 2024<\/p>\n<ol>\n<li>\n<h3>Grundlegendes<\/h3>\nDiese Datenschutzerkl\u00e4rung soll die Nutzer dieser Website (http:\/\/www.jk-conpro.de.de) \u00fcber die Art, den Umfang und den Zweck der Erhebung und Verwendung personenbezogener Daten durch den Websitebetreiber, JK Consulting &amp; Projects, informieren.\n<p>Der Umgang mit unseren Kunden und Nutzern unserer Website ist Vertrauenssache. Das entgegengebrachte Vertrauen hat f\u00fcr uns einen sehr hohen Stellenwert und somit die Bedeutung und Verpflichtung, mit Ihren Daten sorgsam umzugehen und diese vor Missbrauch zu sch\u00fctzen. Deshalb nehmen wir Ihren Datenschutz sehr ernst und behandeln Ihre personenbezogenen Daten vertraulich und entsprechend der gesetzlichen Vorschriften. Da durch neue Technologien und die st\u00e4ndige Weiterentwicklung dieser Webseite \u00c4nderungen an dieser Datenschutzerkl\u00e4rung vorgenommen werden k\u00f6nnen, empfehlen wir Ihnen sich die Datenschutzerkl\u00e4rung in regelm\u00e4\u00dfigen Abst\u00e4nden wieder durchzulesen.<\/p>\n<p>Definitionen der verwendeten Begriffe (z.B. \u201cpersonenbezogene Daten\u201d oder \u201cVerarbeitung\u201d) finden Sie in Art. 4 der EU-Verordnung 2016\/679, genannt Datenschutz-Grundverordnung (DSGVO).<\/p>\n<\/li>\n<li>\n<h3>Name und Anschrift des Verantwortlichen<\/h3>\n<p>Der Verantwortliche im Sinne Art. 4 Abs. 7 der Datenschutz-Grundverordnung (DSGVO) und anderer nationaler Datenschutzgesetze der Mitgliedstaaten sowie sonstiger datenschutzrechtlicher Bestimmungen ist das:<\/p>\n<p>JK Consulting &amp; Projects<br \/>Eichendorffstr. 21<br \/>15827 Blankenfelde<\/p>\n<p>Tel.: 03379 \/ 379092<br \/>Fax: 03379 \/ 379094<br \/>Email: info@jk-conpro.de<br \/>Website: http:\/\/www.jk-conpro.de<\/p>\n<p>vertreten durch Joachim Ko\u00df<\/p>\n<\/li>\n<li>\n<h3>Name und Anschrift des Datenschutzbeauftragten<br \/>Der Datenschutzbeauftragte<\/h3>\nJK Consulting &amp; Projects<br \/>Eichendorffstr. 21<br \/>15827 Blankenfelde<br \/>Email: <a href=\"mailto:info@jk-conpro.de\">info@jk-conpro.de<\/a><br \/><br \/><\/li>\n<li>\n<h3>Umfang der Verarbeitung personenbezogener Daten<\/h3>\n<p>Als personenbezogene Daten gelten s\u00e4mtliche Informationen, die dazu dienen, Ihre Person zu bestimmen und die zu Ihnen zur\u00fcckverfolgt werden k\u00f6nnen \u2013 also beispielsweise Ihr Name, Ihre E-Mail-Adresse und Telefonnummer.<\/p>\n<p>Diese Website k\u00f6nnen Sie besuchen, ohne Angaben zu Ihrer Person zu machen.<\/p>\n<p>Bei jedem Aufruf dieser Internetseite erfasst unser System automatisiert Daten und Informationen vom Computersystem des aufrufenden Rechners.<\/p>\n<p>Aufgrund unseres berechtigten Interesses (s. Art. 6 Abs. 1 lit. f. DSGVO) zur Verbesserung unseres Online-Angebotes speichern wir, der Websitebetreiber bzw. Seitenprovider, die Zugriffsdaten in den Logfiles unseres Systems, jedoch ohne Personenbezug. Durch die Anonymisierung der Daten sind R\u00fcckschl\u00fcsse auf Ihre Person nicht m\u00f6glich.<\/p>\n<p>Folgende Daten werden hierbei erhoben:<\/p>\n<p>(1) Informationen \u00fcber den Browsertyp und die verwendete Version<\/p>\n<p>(2) Betriebssystem des Nutzers<\/p>\n<p>(3) Verwendeter Ger\u00e4tetyp<\/p>\n<p>(4) IP-Adresse des Nutzers in anonymisierter Form (wird nur zur Feststellung des Ortes des Zugriffs verwendet)<\/p>\n<p>(5) Datum und Uhrzeit des Zugriffs<\/p>\n<p>(6) Gggfs. die Adresse der Webseiten, von denen das System des Nutzers auf unsere Internetseite gelangt (Referrer)<\/p>\n<p>(7) Angeforderte Webseite oder Datei<\/p>\n<p>(8) Websites, die vom System des Nutzers \u00fcber unsere Website aufgerufen werden (Hyperlinks)<\/p>\n<\/li>\n<li>\n<h3>Zweck der Datenerhebung und -verarbeitung<\/h3>\n<p>Die vor\u00fcbergehende Speicherung der IP-Adresse durch das System ist notwendig, um eine Auslieferung der Website an den Rechner des Nutzers zu erm\u00f6glichen. Hierf\u00fcr muss die IP-Adresse des Nutzers f\u00fcr die Dauer der Sitzung gespeichert bleiben.<\/p>\n<p>Die Speicherung in Logfiles erfolgt, um die Funktionsf\u00e4higkeit der Website sicherzustellen. Zudem dienen uns die anonymisierten Nutzungsdaten ausschlie\u00dflich zur statistischen Auswertung und zur technischen Optimierung des Webangebots. Eine Auswertung der Daten zu Marketingzwecken findet in diesem Zusammenhang nicht statt.<\/p>\n<p>In diesen Zwecken liegt auch unser berechtigtes Interesse an der Datenverarbeitung nach Art. 6 Abs. 1 lit. f DSGVO.<\/p>\n<p>Es werden an Dritte keine Daten weitergegeben.<\/p>\n<\/li>\n<li>\n<h3>Datenl\u00f6schung und Speicherdauer<\/h3>\n<p>Die Nutzungsdaten werden gel\u00f6scht oder gesperrt, sobald der Zweck der Speicherung entf\u00e4llt. Eine Speicherung kann dar\u00fcber hinaus erfolgen, wenn dies durch den europ\u00e4ischen oder nationalen Gesetzgeber in unionsrechtlichen Verordnungen, Gesetzen oder sonstigen Vorschriften, denen der Verantwortliche unterliegt, vorgesehen wurde.<\/p>\n<p>Im Falle der Speicherung der Daten in Logfiles ist dies nach sp\u00e4testens drei\u00dfig Tagen der Fall.<\/p>\n<\/li>\n<li>\n<h3>Widerspruchs- und Beseitigungsm\u00f6glichkeit<\/h3>\n<p>Die Erfassung der Daten zur Bereitstellung der Website und die Speicherung der Daten in Logfiles ist f\u00fcr den Betrieb der Internetseite zwingend erforderlich. Es besteht folglich seitens des Nutzers keine Widerspruchsm\u00f6glichkeit.<\/p>\n<\/li>\n<li>\n<h3>Rechte der betroffenen Person (Nutzer)<\/h3>\n<p>Werden personenbezogene Daten von Ihnen verarbeitet, sind Sie Betroffener im Sinne der DSGVO und es stehen Ihnen folgende Rechte gegen\u00fcber dem Verantwortlichen zu:<\/p>\n<p>Auskunftsrecht nach Artikel 15 DSGVO<\/p>\n<p>Recht auf Berichtigung nach Artikel 16 DSGVO<\/p>\n<p>Recht auf L\u00f6schung nach Artikel 17 DSGVO<\/p>\n<p>Recht auf Einschr\u00e4nkung der Verarbeitung nach Artikel 18 DSGVO<\/p>\n<p>Recht auf Daten\u00fcbertragbarkeit aus Artikel 20 DSGVO<\/p>\n<p>Widerspruchsrecht aus Artikel 21 DSGVO<\/p>\n<p>Recht auf Beschwerde bei einer Datenschutzaufsichtsbeh\u00f6rde (Artikel 77 DSGVO i. V. m. \u00a7 19 BDSG).<\/p>\n<p>Unbeschadet eines anderweitigen verwaltungsrechtlichen oder gerichtlichen Rechtsbehelfs steht Ihnen das Recht auf Beschwerde bei einer Aufsichtsbeh\u00f6rde, insbesondere in dem Mitgliedstaat ihres Aufenthaltsorts, ihres Arbeitsplatzes oder des Orts des mutma\u00dflichen Versto\u00dfes, zu, wenn Sie der Ansicht sind, dass die Verarbeitung der Sie betreffenden personenbezogenen Daten gegen die DSGVO verst\u00f6\u00dft.<\/p>\n<p>Beim Auskunftsrecht und beim L\u00f6schungsrecht gelten die Einschr\u00e4nkungen nach \u00a7\u00a7 34 und 35 BDSG.<\/p>\n<\/li>\n<li>\n<h3>\u00c4nderungen der Datenschutzerkl\u00e4rung<\/h3>\n<p>Wir behalten uns vor, die Datenschutzerkl\u00e4rung zu \u00e4ndern, um sie an ge\u00e4nderte Rechtslagen, oder bei \u00c4nderungen des Dienstes sowie der Datenverarbeitung anzupassen. Dies gilt jedoch nur im Hinblick auf Erkl\u00e4rungen zur Datenverarbeitung. Sofern Einwilligungen der Nutzer erforderlich sind oder Bestandteile der Datenschutzerkl\u00e4rung Regelungen des Vertragsverh\u00e4ltnisses mit den Nutzern enthalten, erfolgen die \u00c4nderungen nur mit Zustimmung der Nutzer.<\/p>\n<p>Die Nutzer werden gebeten sich regelm\u00e4\u00dfig \u00fcber den Inhalt der Datenschutzerkl\u00e4rung zu informieren.<\/p>\n<\/li>\n<\/ol>\n<ol class=\"wp-block-list\"><\/ol>\n<!-- \/wp:list -->\t\t\t\t\t\t\t\t<\/div>\n\t\t\t\t<\/div>\n\t\t\t\t\t<\/div>\n\t\t\t\t<\/div>\n\t\t\t\t<\/div>","protected":false},"excerpt":{"rendered":"<p>Status: October 2024 Basic information This privacy policy is intended to inform the users of this website (http:\/\/www.jk-conpro.de.de) about the type, scope and purpose of the collection and use of personal data by the website operator, JK Consulting &amp; Projects. Dealing with our customers and users of our website is a matter of trust. The [&hellip;]<\/p>","protected":false},"author":1,"featured_media":0,"parent":0,"menu_order":0,"comment_status":"closed","ping_status":"closed","template":"","meta":{"footnotes":""},"class_list":["post-3","page","type-page","status-publish","hentry"],"_links":{"self":[{"href":"http:\/\/www.jk-conpro.de\/de\/wp-json\/wp\/v2\/pages\/3","targetHints":{"allow":["GET"]}}],"collection":[{"href":"http:\/\/www.jk-conpro.de\/de\/wp-json\/wp\/v2\/pages"}],"about":[{"href":"http:\/\/www.jk-conpro.de\/de\/wp-json\/wp\/v2\/types\/page"}],"author":[{"embeddable":true,"href":"http:\/\/www.jk-conpro.de\/de\/wp-json\/wp\/v2\/users\/1"}],"replies":[{"embeddable":true,"href":"http:\/\/www.jk-conpro.de\/de\/wp-json\/wp\/v2\/comments?post=3"}],"version-history":[{"count":26,"href":"http:\/\/www.jk-conpro.de\/de\/wp-json\/wp\/v2\/pages\/3\/revisions"}],"predecessor-version":[{"id":537,"href":"http:\/\/www.jk-conpro.de\/de\/wp-json\/wp\/v2\/pages\/3\/revisions\/537"}],"wp:attachment":[{"href":"http:\/\/www.jk-conpro.de\/de\/wp-json\/wp\/v2\/media?parent=3"}],"curies":[{"name":"wp","href":"https:\/\/api.w.org\/{rel}","templated":true}]}}