{"id":76,"date":"2024-11-23T22:52:11","date_gmt":"2024-11-23T21:52:11","guid":{"rendered":"http:\/\/www.jk-conpro.de\/?page_id=76"},"modified":"2025-09-10T19:35:53","modified_gmt":"2025-09-10T17:35:53","slug":"standardisation","status":"publish","type":"page","link":"http:\/\/www.jk-conpro.de\/de\/standardisation\/","title":{"rendered":"Standardisierung"},"content":{"rendered":"<div data-elementor-type=\"wp-page\" data-elementor-id=\"76\" class=\"elementor elementor-76\">\n\t\t\t\t<div class=\"elementor-element elementor-element-dab4298 e-grid e-con-boxed e-con e-parent\" data-id=\"dab4298\" data-element_type=\"container\" data-e-type=\"container\">\n\t\t\t\t\t<div class=\"e-con-inner\">\n\t\t\t\t<div class=\"elementor-element elementor-element-7c13ea3 elementor-widget elementor-widget-image\" data-id=\"7c13ea3\" data-element_type=\"widget\" data-e-type=\"widget\" data-widget_type=\"image.default\">\n\t\t\t\t<div class=\"elementor-widget-container\">\n\t\t\t\t\t\t\t\t\t\t\t\t\t\t\t<img fetchpriority=\"high\" decoding=\"async\" width=\"700\" height=\"467\" src=\"http:\/\/www.jk-conpro.de\/wp-content\/uploads\/2024\/11\/internet_of_things_2015-100634979-large.webp\" class=\"attachment-large size-large wp-image-109\" alt=\"\" srcset=\"http:\/\/www.jk-conpro.de\/wp-content\/uploads\/2024\/11\/internet_of_things_2015-100634979-large.webp 700w, http:\/\/www.jk-conpro.de\/wp-content\/uploads\/2024\/11\/internet_of_things_2015-100634979-large-300x200.webp 300w\" sizes=\"(max-width: 700px) 100vw, 700px\" \/>\t\t\t\t\t\t\t\t\t\t\t\t\t\t\t<\/div>\n\t\t\t\t<\/div>\n\t\t\t\t<div class=\"elementor-element elementor-element-e4c9c01 elementor-widget elementor-widget-text-editor\" data-id=\"e4c9c01\" data-element_type=\"widget\" data-e-type=\"widget\" data-widget_type=\"text-editor.default\">\n\t\t\t\t<div class=\"elementor-widget-container\">\n\t\t\t\t\t\t\t\t\t<h1><em><strong>Wir bieten<\/strong><\/em><\/h1><ul><li>Beratung zu IoT Standards<\/li><li>Vertretung Ihrer Firma in Normenorganisationen<br \/><strong>JK Consulting &amp; Projects ist ein Mitglied bei<\/strong> <a href=\"https:\/\/youtu.be\/2p9sIugbIwo\">ETSI (Europ\u00e4isches Institut f\u00fcr Telekommunikationsnormen) <\/a>und\u00a0<a href=\"https:\/\/www.youtube.com\/watch?v=5-gXAyYakJE\">oneM2M<\/a><\/li><li>Evaluierung von f\u00fcr Ihr Produkt geforderten IoT Standards<\/li><\/ul>\t\t\t\t\t\t\t\t<\/div>\n\t\t\t\t<\/div>\n\t\t\t\t<div class=\"elementor-element elementor-element-916c803 elementor-widget elementor-widget-text-editor\" data-id=\"916c803\" data-element_type=\"widget\" data-e-type=\"widget\" data-widget_type=\"text-editor.default\">\n\t\t\t\t<div class=\"elementor-widget-container\">\n\t\t\t\t\t\t\t\t\t<h1><em><strong>Welche Vorteile ergeben sich durch die Beauftragung eines externen Standardisierungs-experten?<\/strong><\/em><\/h1><ul><li>Vermeidung von zeitintensiven Recherchen zu anwendbaren Standards und deren Versionen<\/li><li>Senkung der Arbeitsbelastung interner Ressourcen<\/li><li>Vertretung Ihrer Bed\u00fcrfnisse in Normungsorganisationen<\/li><\/ul>\t\t\t\t\t\t\t\t<\/div>\n\t\t\t\t<\/div>\n\t\t\t\t<div class=\"elementor-element elementor-element-81624f8 elementor-widget elementor-widget-image\" data-id=\"81624f8\" data-element_type=\"widget\" data-e-type=\"widget\" data-widget_type=\"image.default\">\n\t\t\t\t<div class=\"elementor-widget-container\">\n\t\t\t\t\t\t\t\t\t\t\t\t\t\t\t<img decoding=\"async\" width=\"374\" height=\"240\" src=\"http:\/\/www.jk-conpro.de\/wp-content\/uploads\/2024\/11\/240_F_144796743_iFW5UfZ6oUYhYrN7WUeCVwZh7sNTH57q.jpg\" class=\"attachment-large size-large wp-image-255\" alt=\"\" srcset=\"http:\/\/www.jk-conpro.de\/wp-content\/uploads\/2024\/11\/240_F_144796743_iFW5UfZ6oUYhYrN7WUeCVwZh7sNTH57q.jpg 374w, http:\/\/www.jk-conpro.de\/wp-content\/uploads\/2024\/11\/240_F_144796743_iFW5UfZ6oUYhYrN7WUeCVwZh7sNTH57q-300x193.jpg 300w, http:\/\/www.jk-conpro.de\/wp-content\/uploads\/2024\/11\/240_F_144796743_iFW5UfZ6oUYhYrN7WUeCVwZh7sNTH57q-18x12.jpg 18w\" sizes=\"(max-width: 374px) 100vw, 374px\" \/>\t\t\t\t\t\t\t\t\t\t\t\t\t\t\t<\/div>\n\t\t\t\t<\/div>\n\t\t\t\t\t<\/div>\n\t\t\t\t<\/div>\n\t\t<div class=\"elementor-element elementor-element-f4f4ce0 e-flex e-con-boxed e-con e-parent\" data-id=\"f4f4ce0\" data-element_type=\"container\" data-e-type=\"container\">\n\t\t\t\t\t<div class=\"e-con-inner\">\n\t\t\t\t<div class=\"elementor-element elementor-element-265416f elementor-widget elementor-widget-text-editor\" data-id=\"265416f\" data-element_type=\"widget\" data-e-type=\"widget\" data-widget_type=\"text-editor.default\">\n\t\t\t\t<div class=\"elementor-widget-container\">\n\t\t\t\t\t\t\t\t\t<p>Eine wichtige Organisation zur Entwicklung von Normen (SDO), an der JK-Consulting &amp; Projects mitarbeitet, ist ETSI. ETSI (European Telecommunications Standards Institute) ist eine Europ\u00e4ische Normungsorganisation (ESO), die als regionales Normungsgremium f\u00fcr Telekommunikation, Rundfunk und andere elektronische Kommunikationsnetze und -dienste anerkannt ist.<\/p><p>Nachstehend finden Sie einige Aussagen des ETSI:<\/p>\t\t\t\t\t\t\t\t<\/div>\n\t\t\t\t<\/div>\n\t\t\t\t\t<\/div>\n\t\t\t\t<\/div>\n\t\t<div class=\"elementor-element elementor-element-8bd9c6f e-grid e-con-boxed e-con e-parent\" data-id=\"8bd9c6f\" data-element_type=\"container\" data-e-type=\"container\">\n\t\t\t\t\t<div class=\"e-con-inner\">\n\t\t\t\t<div class=\"elementor-element elementor-element-45b596d elementor-widget elementor-widget-text-editor\" data-id=\"45b596d\" data-element_type=\"widget\" data-e-type=\"widget\" data-widget_type=\"text-editor.default\">\n\t\t\t\t<div class=\"elementor-widget-container\">\n\t\t\t\t\t\t\t\t\t<p><strong>Was ist eine Norm?<br \/><\/strong><\/p><p>Eine Norm ist ein Dokument, das Regeln oder Leitlinien f\u00fcr die Ordnung in einem bestimmten Kontext enth\u00e4lt.<\/p><p>Die ETSI Regeln f\u00fcr das Erstellen von Standards verst\u00e4rken dies noch ein wenig: \u201e<strong>ein im Konsens erstelltes und von einem anerkannten Gremium genehmigtes Dokument, das f\u00fcr den gemeinsamen und wiederholten Gebrauch Regeln, Leitlinien oder Merkmale f\u00fcr T\u00e4tigkeiten oder deren Ergebnisse festlegt, die darauf abzielen, ein optimales Ma\u00df an Ordnung in einem bestimmten Kontext zu erreichen\".<\/strong>(Abgeleitet aus ISO\/IEC Guide 2:1996, Definition 3.2)<\/p><p>Normen haben eine besondere Bedeutung im Bereich der Informations- und Kommunikationstechnologien (IKT), dem Zust\u00e4ndigkeitsbereich von ETSI:<\/p><ul><li>Ber\u00fccksichtigung des Bedarfs an Zusammenschaltung und Interoperabilit\u00e4t, was besonders f\u00fcr offene M\u00e4rkte wichtig ist, auf denen Mobilfunknutzer Ger\u00e4te und Dienste \u201emischen\u201c k\u00f6nnen und wo Anbieter von Gr\u00f6\u00dfenvorteilen profitieren k\u00f6nnen<\/li><li>Wichtig f\u00fcr die Gew\u00e4hrleistung von Sicherheit, Zuverl\u00e4ssigkeit und Umweltfreundlichkeit<\/li><li>Von Regulierungsbeh\u00f6rden und Gesetzgebern zum Schutz von Nutzer- und Unternehmensinteressen und zur Unterst\u00fctzung der Regierungspolitik herangezogen<\/li><\/ul><p>Normen bringen zahlreiche Vorteile f\u00fcr Wirtschaft und Gesellschaft mit sich. ETSI ist eine anerkannte europ\u00e4ische Normungsorganisation, die gegebenenfalls die weltweite \u00dcbernahme ihrer Normen f\u00f6rdert. Viele ETSI-Normen werden weltweit verwendet.<\/p><p>Normen k\u00f6nnen auf freiwilliger Basis verwendet werden oder durch Unternehmensrichtlinien, nationale oder internationale Vorschriften oder durch das Gesetz verbindlich vorgeschrieben sein.<\/p><p>In Europa gibt es drei verschiedene Kategorien von Normen:<\/p><ul><li><strong>Internationale Norm\u00a0<\/strong>- von einer internationalen Normungsorganisation angenommen<\/li><li><strong>Europ\u00e4ische Norm\u00a0<\/strong>- von einem europ\u00e4ischen Normungsgremium angenommen<\/li><li><strong>Nationale Norm\u00a0<\/strong>-  von einem nationalen Normungsgremium angenommen und der \u00d6ffentlichkeit zug\u00e4nglich gemacht<\/li><\/ul>\t\t\t\t\t\t\t\t<\/div>\n\t\t\t\t<\/div>\n\t\t\t\t<div class=\"elementor-element elementor-element-95036ff elementor-widget elementor-widget-text-editor\" data-id=\"95036ff\" data-element_type=\"widget\" data-e-type=\"widget\" data-widget_type=\"text-editor.default\">\n\t\t\t\t<div class=\"elementor-widget-container\">\n\t\t\t\t\t\t\t\t\t<p><strong>Vorteile von Normen<br \/><\/strong><\/p><p>Wir verwenden Normen jeden Tag, in allen Bereichen unseres t\u00e4glichen Lebens - in der Kommunikation, in den Medien, im Gesundheitswesen, bei Lebensmitteln, im Verkehr, im Bauwesen, bei M\u00f6beln, im Energiebereich...<\/p><p>Normen bieten:<\/p><ul><li><strong>Sicherheit und Zuverl\u00e4ssigkeit<\/strong>- St\u00e4rkung des Vertrauens der Nutzer, Steigerung des Absatzes und Einf\u00fchrung neuer Technologien<\/li><li><strong>Unterst\u00fctzung der Regierungspolitik und der Gesetzgebung<\/strong>- Unterst\u00fctzung der Regierungspolitik und der Gesetzgebung - Normen werden h\u00e4ufig von Regulierungsbeh\u00f6rden und Gesetzgebern zum Schutz von Nutzer- und Unternehmensinteressen und zur Unterst\u00fctzung der Regierungspolitik, z. B. der Politik der Europ\u00e4ischen Union f\u00fcr einen Binnenmarkt, herangezogen.<\/li><li><strong>Interoperabilit\u00e4t - die F\u00e4higkeit von Ger\u00e4ten, zusammenzuarbeiten<\/strong>\u2022<\/li><li><strong>Gesch\u00e4ftsvorteile f\u00fcr:<\/strong>:<ul><li>\u00d6ffnung\u00a0<strong>des Marktzugangs<\/strong><\/li><li>Erzielung<strong>\u00a0von Skaleneffekten<\/strong><\/li><li>Ermutigung\u00a0<strong>zur Innovation<\/strong><\/li><li>Steigerung\u00a0<strong>des Bewusstseins<\/strong>\u00a0f\u00fcr technische Entwicklungen und Initiativen<\/li><\/ul><\/li><\/ul><ul><li><strong>Auswahl f\u00fcr den Verbraucher\u00a0<\/strong>Normen bilden die Grundlage\u00a0<strong>f\u00fcr neue Funktionen<\/strong>\u00a0und Optionen und tragen zur Verbesserung unseres t\u00e4glichen Lebens bei. Die Massenproduktion auf der Grundlage von Normen bietet den Verbrauchern eine gr\u00f6\u00dfere Auswahl an Produkten.<\/li><\/ul><p>Ein gutes Beispiel f\u00fcr die Macht der Normung ist die\u00a0<strong>GSM (TM)<sup>TM<\/sup><\/strong>\u00a0Mobilfunktechnologie und ihre Nachfolger<strong>(3G, 4G, 5G)<\/strong>wahrhaft globale Ph\u00e4nomene, bei denen ETSI eine f\u00fchrende Rolle gespielt hat und immer noch spielt. Obwohl GSM urspr\u00fcnglich als L\u00f6sung nur f\u00fcr Europa gedacht war, wurden diese Technologien\u00a0<strong>weltweit eingesetzt<\/strong>.<br \/>So k\u00f6nnen Reisende heute dank der Standardisierung in jedem Winkel der Welt kommunizieren und vertraute Dienste nutzen.<\/p><p>ETSI kann auf viele weitere \u00e4hnliche Erfolgsgeschichten verweisen, z. B.\u00a0<strong>Smart Cards<\/strong>,\u00a0<strong>DECT (TM)<sup>TM<\/sup><\/strong>,\u00a0<strong>TETRA<\/strong>,\u00a0<strong>Kurzstreckenfunk<\/strong>,\u00a0<strong>, medizinische Implantate<\/strong>,\u00a0<strong>elektronische Signaturen....<\/strong>&#8230;.<\/p><p>In einer Welt ohne Normen:<\/p><ul><li>Funktionieren die Produkte m\u00f6glicherweise nicht wie erwartet oder sind von minderer Qualit\u00e4t<\/li><li>Produkte k\u00f6nnten mit anderen Ger\u00e4ten inkompatibel sein oder sich gar nicht mit ihnen verbinden lassen<\/li><li>Nicht genormte Produkte k\u00f6nnen gef\u00e4hrlich sein<\/li><li>Die Kunden w\u00e4ren auf einen Hersteller oder Lieferanten beschr\u00e4nkt<\/li><li>Die Hersteller w\u00e4ren gezwungen, ihre eigenen individuellen L\u00f6sungen zu entwickeln und h\u00e4tten nur begrenzte M\u00f6glichkeiten, mit anderen zu konkurrieren<\/li><\/ul>\t\t\t\t\t\t\t\t<\/div>\n\t\t\t\t<\/div>\n\t\t\t\t\t<\/div>\n\t\t\t\t<\/div>\n\t\t<div class=\"elementor-element elementor-element-3071761 e-flex e-con-boxed e-con e-parent\" data-id=\"3071761\" data-element_type=\"container\" data-e-type=\"container\">\n\t\t\t\t\t<div class=\"e-con-inner\">\n\t\t\t\t<div class=\"elementor-element elementor-element-20df0c1 elementor-widget elementor-widget-text-editor\" data-id=\"20df0c1\" data-element_type=\"widget\" data-e-type=\"widget\" data-widget_type=\"text-editor.default\">\n\t\t\t\t<div class=\"elementor-widget-container\">\n\t\t\t\t\t\t\t\t\t<p><em><strong>Text aus Quelle kopiert: ETSI, https:\/\/www.etsi.org\/standards\/why-standards<\/strong><\/em><\/p>\t\t\t\t\t\t\t\t<\/div>\n\t\t\t\t<\/div>\n\t\t\t\t\t<\/div>\n\t\t\t\t<\/div>\n\t\t\t\t<\/div>","protected":false},"excerpt":{"rendered":"<p>We provide: Consulting on IoT standards Representing your company in Standards Developing OrganisationsJK Consulting &amp; Projects is a member of ETSI (European Telecommunications Standards Institute) and\u00a0oneM2M Evaluating IoT standards requested for your products Which benefits do you have by commissioning an external standardisation expert? Avoiding time consuming information about applicable standards and their revisions Reduction [&hellip;]<\/p>","protected":false},"author":1,"featured_media":0,"parent":0,"menu_order":0,"comment_status":"closed","ping_status":"closed","template":"","meta":{"footnotes":""},"class_list":["post-76","page","type-page","status-publish","hentry"],"_links":{"self":[{"href":"http:\/\/www.jk-conpro.de\/de\/wp-json\/wp\/v2\/pages\/76","targetHints":{"allow":["GET"]}}],"collection":[{"href":"http:\/\/www.jk-conpro.de\/de\/wp-json\/wp\/v2\/pages"}],"about":[{"href":"http:\/\/www.jk-conpro.de\/de\/wp-json\/wp\/v2\/types\/page"}],"author":[{"embeddable":true,"href":"http:\/\/www.jk-conpro.de\/de\/wp-json\/wp\/v2\/users\/1"}],"replies":[{"embeddable":true,"href":"http:\/\/www.jk-conpro.de\/de\/wp-json\/wp\/v2\/comments?post=76"}],"version-history":[{"count":55,"href":"http:\/\/www.jk-conpro.de\/de\/wp-json\/wp\/v2\/pages\/76\/revisions"}],"predecessor-version":[{"id":779,"href":"http:\/\/www.jk-conpro.de\/de\/wp-json\/wp\/v2\/pages\/76\/revisions\/779"}],"wp:attachment":[{"href":"http:\/\/www.jk-conpro.de\/de\/wp-json\/wp\/v2\/media?parent=76"}],"curies":[{"name":"wp","href":"https:\/\/api.w.org\/{rel}","templated":true}]}}