{"id":78,"date":"2024-11-23T22:51:43","date_gmt":"2024-11-23T21:51:43","guid":{"rendered":"http:\/\/www.jk-conpro.de\/?page_id=78"},"modified":"2024-12-04T18:38:50","modified_gmt":"2024-12-04T17:38:50","slug":"quality-management","status":"publish","type":"page","link":"http:\/\/www.jk-conpro.de\/de\/quality-management\/","title":{"rendered":"Qualit\u00e4tsmanagement"},"content":{"rendered":"<div data-elementor-type=\"wp-page\" data-elementor-id=\"78\" class=\"elementor elementor-78\">\n\t\t\t\t<div class=\"elementor-element elementor-element-d1620b9 e-grid e-con-boxed e-con e-parent\" data-id=\"d1620b9\" data-element_type=\"container\" data-e-type=\"container\">\n\t\t\t\t\t<div class=\"e-con-inner\">\n\t\t\t\t<div class=\"elementor-element elementor-element-4889830 elementor-widget elementor-widget-image\" data-id=\"4889830\" data-element_type=\"widget\" data-e-type=\"widget\" data-widget_type=\"image.default\">\n\t\t\t\t<div class=\"elementor-widget-container\">\n\t\t\t\t\t\t\t\t\t\t\t\t\t\t\t<img fetchpriority=\"high\" decoding=\"async\" width=\"640\" height=\"343\" src=\"http:\/\/www.jk-conpro.de\/wp-content\/uploads\/2024\/11\/businessman-3075839_640.jpg\" class=\"attachment-large size-large wp-image-262\" alt=\"\" srcset=\"http:\/\/www.jk-conpro.de\/wp-content\/uploads\/2024\/11\/businessman-3075839_640.jpg 640w, http:\/\/www.jk-conpro.de\/wp-content\/uploads\/2024\/11\/businessman-3075839_640-300x161.jpg 300w, http:\/\/www.jk-conpro.de\/wp-content\/uploads\/2024\/11\/businessman-3075839_640-18x10.jpg 18w\" sizes=\"(max-width: 640px) 100vw, 640px\" \/>\t\t\t\t\t\t\t\t\t\t\t\t\t\t\t<\/div>\n\t\t\t\t<\/div>\n\t\t\t\t<div class=\"elementor-element elementor-element-b1ec6ec elementor-widget elementor-widget-text-editor\" data-id=\"b1ec6ec\" data-element_type=\"widget\" data-e-type=\"widget\" data-widget_type=\"text-editor.default\">\n\t\t\t\t<div class=\"elementor-widget-container\">\n\t\t\t\t\t\t\t\t\t<h1><em><strong>Wir bieten<\/strong><\/em><\/h1><ul><li>Beratung zu QM Systemen und Verordnungen<\/li><li>Flexible Unterst\u00fctzung bei der Einrichtung, Pflege und Pr\u00fcfung von Qualit\u00e4tsmanagement-\nsystemen<\/li><li>Durchf\u00fchrung firmeninterner QMS Audits<\/li><li>Unterst\u00fctzung bei QMS Zertifizierungsaudits<\/li><\/ul>\t\t\t\t\t\t\t\t<\/div>\n\t\t\t\t<\/div>\n\t\t\t\t\t<\/div>\n\t\t\t\t<\/div>\n\t\t<div class=\"elementor-element elementor-element-7662439 e-grid e-con-boxed e-con e-parent\" data-id=\"7662439\" data-element_type=\"container\" data-e-type=\"container\">\n\t\t\t\t\t<div class=\"e-con-inner\">\n\t\t\t\t<div class=\"elementor-element elementor-element-9b4f069 elementor-widget elementor-widget-text-editor\" data-id=\"9b4f069\" data-element_type=\"widget\" data-e-type=\"widget\" data-widget_type=\"text-editor.default\">\n\t\t\t\t<div class=\"elementor-widget-container\">\n\t\t\t\t\t\t\t\t\t<h1><em><strong>Welche Vorteile ergeben sich durch die Beauftragung eines externen Qualit\u00e4tsmanagers?<\/strong><\/em><\/h1><ul><li><strong>Fachwissen und Erfahrung:<\/strong> Externe Experten verf\u00fcgen oft \u00fcber spezielles Wissen und umfangreiche Erfahrung in ihrem Fachgebiet, was zu einer h\u00f6heren Qualit\u00e4t der Arbeit f\u00fchren kann.<\/li><li><strong>Objektivit\u00e4t:<\/strong> Ein externer Berater kann eine unvoreingenommene Perspektive auf Probleme oder Herausforderungen bieten, die intern m\u00f6glicherweise nicht erkannt werden.<\/li><li><strong>Ressourcenschonung:<\/strong> Durch die Auslagerung bestimmter Aufgaben an Experten k\u00f6nnen interne Ressourcen geschont werden, sodass sich das Team auf Kernkompetenzen konzentrieren kann.<\/li><li><strong>Aktuelle Kenntnisse:<\/strong> Experten sind oft \u00fcber die neuesten Trends, Technologien und Vorschriften informiert, was f\u00fcr die Umsetzung von Best Practices und Innovationen von Vorteil ist.<\/li><\/ul>\t\t\t\t\t\t\t\t<\/div>\n\t\t\t\t<\/div>\n\t\t\t\t<div class=\"elementor-element elementor-element-1c6a9d7 elementor-widget elementor-widget-text-editor\" data-id=\"1c6a9d7\" data-element_type=\"widget\" data-e-type=\"widget\" data-widget_type=\"text-editor.default\">\n\t\t\t\t<div class=\"elementor-widget-container\">\n\t\t\t\t\t\t\t\t\t<p>\u00a0 <\/p><p><br \/><br \/><\/p><ul><li><strong>Flexibilit\u00e4t:<\/strong> Die Beauftragung eines externen Experten erm\u00f6glicht es Unternehmen, je nach Bedarf schnell auf zus\u00e4tzliche Kapazit\u00e4ten oder spezifisches Know-how zuzugreifen, ohne langfristige Verpflichtungen einzugehen.<\/li><li><strong>Kosteneffizienz:<\/strong> In vielen F\u00e4llen kann die Beauftragung eines externen Experten kosteng\u00fcnstiger sein als die Einstellung eines Vollzeitmitarbeiters, insbesondere f\u00fcr zeitlich begrenzte Projekte.<\/li><li><strong>Schnellere Ergebnisse:<\/strong> Externe Experten k\u00f6nnen oft schneller Ergebnisse liefern, da sie sich auf ihre spezifischen Aufgaben konzentrieren und nicht von anderen internen Verpflichtungen abgelenkt werden.<\/li><li><strong>Insgesamt<\/strong>kann die Zusammenarbeit mit externen Experten dazu beitragen, die Effizienz und Effektivit\u00e4t eines Unternehmens zu steigern und gleichzeitig die Qualit\u00e4t der Ergebnisse zu verbessern.<\/li><\/ul>\t\t\t\t\t\t\t\t<\/div>\n\t\t\t\t<\/div>\n\t\t\t\t\t<\/div>\n\t\t\t\t<\/div>\n\t\t<div class=\"elementor-element elementor-element-8b81b7a e-grid e-con-boxed e-con e-parent\" data-id=\"8b81b7a\" data-element_type=\"container\" data-e-type=\"container\">\n\t\t\t\t\t<div class=\"e-con-inner\">\n\t\t\t\t<div class=\"elementor-element elementor-element-cfb8587 elementor-widget elementor-widget-image\" data-id=\"cfb8587\" data-element_type=\"widget\" data-e-type=\"widget\" data-widget_type=\"image.default\">\n\t\t\t\t<div class=\"elementor-widget-container\">\n\t\t\t\t\t\t\t\t\t\t\t\t\t\t\t<img decoding=\"async\" src=\"http:\/\/www.jk-conpro.de\/wp-content\/uploads\/elementor\/thumbs\/Electronic-Quality-Management-system-eqms-qxyrt4qswf8ikgg91oks2jmze6x69ztyp8dc3akuxs.jpg\" title=\"Electronic-Quality-Management-system-eqms\" alt=\"Electronic-Quality-Management-system-eqms\" loading=\"lazy\" \/>\t\t\t\t\t\t\t\t\t\t\t\t\t\t\t<\/div>\n\t\t\t\t<\/div>\n\t\t\t\t\t<\/div>\n\t\t\t\t<\/div>\n\t\t<div class=\"elementor-element elementor-element-cf6a74f e-grid e-con-boxed e-con e-parent\" data-id=\"cf6a74f\" data-element_type=\"container\" data-e-type=\"container\">\n\t\t\t\t\t<div class=\"e-con-inner\">\n\t\t\t\t<div class=\"elementor-element elementor-element-3613421 elementor-widget elementor-widget-text-editor\" data-id=\"3613421\" data-element_type=\"widget\" data-e-type=\"widget\" data-widget_type=\"text-editor.default\">\n\t\t\t\t<div class=\"elementor-widget-container\">\n\t\t\t\t\t\t\t\t\t<p>Ein Qualit\u00e4tsmanagementsystem (QMS) hat mehrere zentrale Aufgaben, die darauf abzielen, die Qualit\u00e4t von Produkten und Dienstleistungen\n zu sichern und kontinuierlich zu verbessern. Hier sind einige der wichtigsten Aufgaben eines QMS:<\/p><h3><strong>Qualit\u00e4tsplanung<\/strong><\/h3><p>Festlegung von Qualit\u00e4tszielen und -standards, die erreicht werden sollen. Dies umfasst auch die Planung von Prozessen und Ressourcen, um diese Ziele zu erreichen.<\/p><h3><strong>Dokumentation<\/strong><\/h3><p>Erstellung und Pflege von Dokumenten wie Qualit\u00e4tsrichtlinien, Verfahrensanweisungen und Arbeitsanweisungen, um sicherzustellen, dass alle Mitarbeiter \u00fcber die erforderlichen Informationen verf\u00fcgen.<\/p><h3><strong>Prozess\u00fcberwachung<\/strong><\/h3><p>\u00dcberwachung und Messung von Prozessen, um sicherzustellen, dass sie den festgelegten Standards entsprechen. Dies kann durch Audits, Inspektionen und Leistungskennzahlen erfolgen.<\/p><h3><strong>Schulung und Weiterbildung<\/strong><\/h3><p>Sicherstellung, dass alle Mitarbeiter \u00fcber die notwendigen Kenntnisse und F\u00e4higkeiten verf\u00fcgen, um ihre Aufgaben in \u00dcbereinstimmung mit den Qualit\u00e4tsanforderungen auszuf\u00fchren.<\/p><h3><strong>Risikomanagement<\/strong><\/h3><p>Identifizierung potenzieller Risiken f\u00fcr die Qualit\u00e4t und Entwicklung von Strategien zur Minimierung dieser Risiken.<\/p><h3><strong>Kundenfeedback<\/strong><\/h3><p>Sammlung und Analyse von Kundenfeedback zur Verbesserung<\/p><p>Zertifizierungen des im Unternehmen eingef\u00fchrten QM Systems werden in einigen Branchen vorgeschrieben. Diese werden werden anhand durchgef\u00fchrter Audits erteilt, die in regelm\u00e4\u00dfigen Abst\u00e4nden wiederholt werden.<\/p>\t\t\t\t\t\t\t\t<\/div>\n\t\t\t\t<\/div>\n\t\t\t\t<div class=\"elementor-element elementor-element-e35e75d elementor-widget elementor-widget-text-editor\" data-id=\"e35e75d\" data-element_type=\"widget\" data-e-type=\"widget\" data-widget_type=\"text-editor.default\">\n\t\t\t\t<div class=\"elementor-widget-container\">\n\t\t\t\t\t\t\t\t\t<p>Es gibt zahlreiche Qualit\u00e4tsmanagementsysteme (QMS), die in unterschiedlichen Branchen und Organisationen eingesetzt werden. Hier ist eine \u00dcbersicht der bekanntesten und h\u00e4ufigsten Systeme:<\/p><h3><strong>ISO 9001<\/strong><\/h3><ul><li><strong>Beschreibung:<\/strong> Die ISO 9001 ist der weltweit am meisten verbreitete Standard f\u00fcr Qualit\u00e4tsmanagementsysteme<\/li><li><strong>Merkmale:<\/strong><ul><li>Fokus auf Kundenzufriedenheit.<\/li><li>Prozessorientierter Ansatz.<\/li><li>Kontinuierliche Verbesserung.<\/li><li>Risikobasierte Denkweise.<\/li><\/ul><\/li><li><strong>Anwendung:<\/strong> Universell einsetzbar in allen Branchen und Organisationen.<\/li><\/ul><h3><strong>ISO 13485<\/strong><\/h3><ul><li><strong>Beschreibung:<\/strong> Qualit\u00e4tsmanagementsystem speziell f\u00fcr die Medizintechnik.<\/li><li><strong>Merkmale:<\/strong><ul><li>Anforderungen an die Sicherheit und Wirksamkeit von Medizinprodukten.<\/li><li>Integration gesetzlicher und regulatorischer Anforderungen.<\/li><\/ul><\/li><li><strong>Anwendung:<\/strong> Medizintechnik und Gesundheitswesen.<\/li><\/ul><h3><strong>GMP (Good Manufacturing Practice)<\/strong><\/h3><ul><li><strong>Beschreibung:<\/strong> Richtlinien f\u00fcr die Produktion und Qualit\u00e4tssicherung, insbesondere in der Pharma- und Lebensmittelindustrie.<\/li><li><strong>Merkmale:<\/strong><ul><li>Strenge Kontrollen von Produktionsprozessen.<\/li><li>Dokumentation und R\u00fcckverfolgbarkeit.<\/li><\/ul><\/li><li><strong>Anwendung:<\/strong> Pharmaindustrie, Kosmetik, Lebensmittel.<\/li><\/ul><h3><strong>DIN EN 15224<\/strong><\/h3><ul><li><strong>Beschreibung:<\/strong> QMS speziell f\u00fcr das Gesundheitswesen auf Basis von ISO 9001.<\/li><li><strong>Merkmale:<\/strong><ul><li>Ber\u00fccksichtigt patientenbezogene Risiken.<\/li><li>Fokus auf Behandlungsqualit\u00e4t und Sicherheit.<\/li><\/ul><\/li><li><strong>Anwendung:<\/strong> Krankenh\u00e4user, Pflegeeinrichtungen, medizinische Versorgungszentren.<\/li><\/ul><p>Diese Systeme bieten unterschiedliche Ans\u00e4tze und Schwerpunkte, sodass Unternehmen und Organisationen je nach Branche, Zielsetzung und\n regulatorischen Anforderungen das passende Qualit\u00e4tsmanagementsystem w\u00e4hlen k\u00f6nnen.<\/p>\t\t\t\t\t\t\t\t<\/div>\n\t\t\t\t<\/div>\n\t\t\t\t\t<\/div>\n\t\t\t\t<\/div>\n\t\t\t\t<\/div>","protected":false},"excerpt":{"rendered":"<p>We provide Consulting on QM Systems and Regulations Flexible support for establishing, maintaining and auditing Quality Managing Systems Executing company internal QMS Audits Assisting in QMS certification audits Which benefits do you have by commissioning an external quality expert? Expertise and experience: External experts often have specialist knowledge and extensive experience in their field, which [&hellip;]<\/p>","protected":false},"author":1,"featured_media":0,"parent":0,"menu_order":0,"comment_status":"closed","ping_status":"closed","template":"","meta":{"footnotes":""},"class_list":["post-78","page","type-page","status-publish","hentry"],"_links":{"self":[{"href":"http:\/\/www.jk-conpro.de\/de\/wp-json\/wp\/v2\/pages\/78","targetHints":{"allow":["GET"]}}],"collection":[{"href":"http:\/\/www.jk-conpro.de\/de\/wp-json\/wp\/v2\/pages"}],"about":[{"href":"http:\/\/www.jk-conpro.de\/de\/wp-json\/wp\/v2\/types\/page"}],"author":[{"embeddable":true,"href":"http:\/\/www.jk-conpro.de\/de\/wp-json\/wp\/v2\/users\/1"}],"replies":[{"embeddable":true,"href":"http:\/\/www.jk-conpro.de\/de\/wp-json\/wp\/v2\/comments?post=78"}],"version-history":[{"count":121,"href":"http:\/\/www.jk-conpro.de\/de\/wp-json\/wp\/v2\/pages\/78\/revisions"}],"predecessor-version":[{"id":632,"href":"http:\/\/www.jk-conpro.de\/de\/wp-json\/wp\/v2\/pages\/78\/revisions\/632"}],"wp:attachment":[{"href":"http:\/\/www.jk-conpro.de\/de\/wp-json\/wp\/v2\/media?parent=78"}],"curies":[{"name":"wp","href":"https:\/\/api.w.org\/{rel}","templated":true}]}}